{"id":1002,"date":"2024-03-02T06:32:43","date_gmt":"2024-03-02T06:32:43","guid":{"rendered":"https:\/\/sun-mech.com\/?page_id=1002"},"modified":"2024-12-26T16:37:22","modified_gmt":"2024-12-26T16:37:22","slug":"hakkimizda","status":"publish","type":"page","link":"https:\/\/sun-mech.com\/en\/hakkimizda\/","title":{"rendered":"Hakk\u0131m\u0131zda"},"content":{"rendered":"<div class=\"wpb-content-wrapper\"><p>[vc_row][vc_column][vc_column_text]<strong><span style=\"color: #000000;\">HAKKIMIZDA<\/span><\/strong><\/p>\n<p><span style=\"color: #000000;\">20 y\u0131l\u0131 a\u015fk\u0131n mesleki tecr\u00fcbeyi sonraki nesillere aktarmak i\u00e7in var\u0131z.<\/span><\/p>\n<p><span style=\"color: #000000;\">Global olarak enerji ihtiyac\u0131 her ge\u00e7en g\u00fcn artmakta ve geli\u015fen end\u00fcstri ko\u015fullar\u0131nda yenilenebilir enerji kaynaklar\u0131n\u0131n pay\u0131, klasik enerji \u00fcretim portf\u00f6y\u00fcn\u00fcn aras\u0131nda artarak yerini almaktad\u0131r. Bu gereklilik 2050 Paris Antla\u015fmas\u0131 ile d\u00fcnyadaki t\u00fcm \u00fclkelere yeni sorumluluklar y\u00fcklemi\u015f ve bu sorumluluklar \u00e7er\u00e7evesinde yenilenebilir enerjinin rol\u00fc daha da \u00f6nemli hale gelmi\u015ftir. Firmalar\u0131m\u0131z\u0131n bu konuda yapacaklar\u0131 t\u00fcm yat\u0131r\u0131mlar\u0131n destek\u00e7isi olarak Sun Mech Enerji olarak yan\u0131n\u0131zday\u0131z.<\/span><\/p>\n<p><span style=\"color: #000000;\">Ayr\u0131ca Sun Mech Taahh\u00fct, Sun Mech Dan\u0131\u015fmanl\u0131k ve Sun Mech Makine gruplar\u0131m\u0131z ile AG-OG Trafo, Kompanzasyon, Pano \u0130malat\u0131, her t\u00fcrl\u00fc Elektrik taahh\u00fct i\u015fleri, Mekanik \u00fcr\u00fcn tasar\u0131m\u0131, Yeni \u00fcr\u00fcn y\u00f6netimi, hat verimlilikleri, 5S, Kaizen, Kanban sistemlerin e\u011fitim ve uygulamalar\u0131yla yine siz k\u0131ymetli partnerlerimizin yan\u0131nday\u0131z.<\/span><\/p>\n<p><strong><span style=\"color: #000000;\">Misyon<\/span><\/strong><\/p>\n<p><span style=\"color: #000000;\">Sayg\u0131n, g\u00fcvenilir ve kaliteden \u00f6d\u00fcn vermeyen bir marka de\u011feri olu\u015fturmak<\/span><\/p>\n<p><span style=\"color: #000000;\">Enerji sekt\u00f6r\u00fcn\u00fcn aranan firmas\u0131 olarak sundu\u011fumuz \u00e7\u00f6z\u00fcmlerle m\u00fc\u015fteri memnuniyetini en \u00fcst d\u00fczeyde tutmak<\/span><\/p>\n<p><strong><span style=\"color: #000000;\">Vizyon<\/span><\/strong><\/p>\n<p><span style=\"color: #000000;\">Enerji, taahh\u00fct, makine ve dan\u0131\u015fmanl\u0131k konular\u0131nda kalitemizin standart \u00fcst\u00fc bir d\u00fczeye ula\u015ft\u0131\u011f\u0131, m\u00fc\u015fteri memnuniyetinde en \u00fcst d\u00fczeyde hassasiyetimizle, sekt\u00f6r\u00fcnde yol g\u00f6steren bir oyuncu olmay\u0131 ama\u00e7l\u0131yoruz.<\/span>[\/vc_column_text][vc_empty_space height=&#8221;10&#8243;][\/vc_column][\/vc_row]<\/p>\n<\/div>","protected":false},"excerpt":{"rendered":"<p>[vc_row][vc_column][vc_column_text]HAKKIMIZDA 20 y\u0131l\u0131 a\u015fk\u0131n mesleki tecr\u00fcbeyi sonraki nesillere aktarmak i\u00e7in var\u0131z. Global olarak enerji ihtiyac\u0131 her ge\u00e7en g\u00fcn artmakta ve geli\u015fen end\u00fcstri ko\u015fullar\u0131nda yenilenebilir enerji kaynaklar\u0131n\u0131n pay\u0131, klasik enerji \u00fcretim portf\u00f6y\u00fcn\u00fcn aras\u0131nda artarak yerini almaktad\u0131r. Bu gereklilik 2050 Paris Antla\u015fmas\u0131 ile d\u00fcnyadaki t\u00fcm \u00fclkelere yeni sorumluluklar y\u00fcklemi\u015f ve bu sorumluluklar \u00e7er\u00e7evesinde yenilenebilir enerjinin rol\u00fc daha [&hellip;]<\/p>\n","protected":false},"author":1,"featured_media":0,"parent":0,"menu_order":0,"comment_status":"closed","ping_status":"closed","template":"","meta":{"footnotes":""},"_links":{"self":[{"href":"https:\/\/sun-mech.com\/en\/wp-json\/wp\/v2\/pages\/1002"}],"collection":[{"href":"https:\/\/sun-mech.com\/en\/wp-json\/wp\/v2\/pages"}],"about":[{"href":"https:\/\/sun-mech.com\/en\/wp-json\/wp\/v2\/types\/page"}],"author":[{"embeddable":true,"href":"https:\/\/sun-mech.com\/en\/wp-json\/wp\/v2\/users\/1"}],"replies":[{"embeddable":true,"href":"https:\/\/sun-mech.com\/en\/wp-json\/wp\/v2\/comments?post=1002"}],"version-history":[{"count":5,"href":"https:\/\/sun-mech.com\/en\/wp-json\/wp\/v2\/pages\/1002\/revisions"}],"predecessor-version":[{"id":1214,"href":"https:\/\/sun-mech.com\/en\/wp-json\/wp\/v2\/pages\/1002\/revisions\/1214"}],"wp:attachment":[{"href":"https:\/\/sun-mech.com\/en\/wp-json\/wp\/v2\/media?parent=1002"}],"curies":[{"name":"wp","href":"https:\/\/api.w.org\/{rel}","templated":true}]}}