{"id":1022,"date":"2024-03-02T06:44:57","date_gmt":"2024-03-02T06:44:57","guid":{"rendered":"https:\/\/sun-mech.com\/?page_id=1022"},"modified":"2024-03-05T12:19:13","modified_gmt":"2024-03-05T12:19:13","slug":"hizmetlerimiz","status":"publish","type":"page","link":"https:\/\/sun-mech.com\/en\/hizmetlerimiz\/","title":{"rendered":"Hizmetlerimiz"},"content":{"rendered":"<div class=\"wpb-content-wrapper\"><p>[vc_row][vc_column width=&#8221;1\/4&#8243;][vc_single_image img_size=&#8221;full&#8221; alignment=&#8221;center&#8221;][vc_empty_space height=&#8221;10&#8243;][vc_column_text]<\/p>\n<h4><span style=\"color: #000000;\">Hizmet Ba\u015fl\u0131k<\/span><\/h4>\n<p><span style=\"color: #000000;\">Hizmet alt k\u0131s\u0131m a\u00e7\u0131klama&#8230;<\/span>[\/vc_column_text][vc_empty_space height=&#8221;10&#8243;][\/vc_column][vc_column width=&#8221;1\/4&#8243;][vc_single_image img_size=&#8221;full&#8221; alignment=&#8221;center&#8221;][vc_empty_space height=&#8221;10&#8243;][vc_column_text]<\/p>\n<h4><span style=\"color: #000000;\">Hizmet Ba\u015fl\u0131k<\/span><\/h4>\n<p><span style=\"color: #000000;\">Hizmet alt k\u0131s\u0131m a\u00e7\u0131klama&#8230;<\/span>[\/vc_column_text][vc_empty_space height=&#8221;10&#8243;][\/vc_column][vc_column width=&#8221;1\/4&#8243;][vc_single_image img_size=&#8221;full&#8221; alignment=&#8221;center&#8221;][vc_empty_space height=&#8221;10&#8243;][vc_column_text]<\/p>\n<h4><span style=\"color: #000000;\">Hizmet Ba\u015fl\u0131k<\/span><\/h4>\n<p><span style=\"color: #000000;\">Hizmet alt k\u0131s\u0131m a\u00e7\u0131klama&#8230;<\/span>[\/vc_column_text][vc_empty_space height=&#8221;10&#8243;][\/vc_column][vc_column width=&#8221;1\/4&#8243;][vc_single_image img_size=&#8221;full&#8221; alignment=&#8221;center&#8221;][vc_empty_space height=&#8221;10&#8243;][vc_column_text]<\/p>\n<h4><span style=\"color: #000000;\">Hizmet Ba\u015fl\u0131k<\/span><\/h4>\n<p><span style=\"color: #000000;\">Hizmet alt k\u0131s\u0131m a\u00e7\u0131klama&#8230;<\/span>[\/vc_column_text][vc_empty_space height=&#8221;10&#8243;][\/vc_column][\/vc_row]<\/p>\n<\/div>","protected":false},"excerpt":{"rendered":"<p>[vc_row][vc_column width=&#8221;1\/4&#8243;][vc_single_image img_size=&#8221;full&#8221; alignment=&#8221;center&#8221;][vc_empty_space height=&#8221;10&#8243;][vc_column_text] Hizmet Ba\u015fl\u0131k Hizmet alt k\u0131s\u0131m a\u00e7\u0131klama&#8230;[\/vc_column_text][vc_empty_space height=&#8221;10&#8243;][\/vc_column][vc_column width=&#8221;1\/4&#8243;][vc_single_image img_size=&#8221;full&#8221; alignment=&#8221;center&#8221;][vc_empty_space height=&#8221;10&#8243;][vc_column_text] Hizmet Ba\u015fl\u0131k Hizmet alt k\u0131s\u0131m a\u00e7\u0131klama&#8230;[\/vc_column_text][vc_empty_space height=&#8221;10&#8243;][\/vc_column][vc_column width=&#8221;1\/4&#8243;][vc_single_image img_size=&#8221;full&#8221; alignment=&#8221;center&#8221;][vc_empty_space height=&#8221;10&#8243;][vc_column_text] Hizmet Ba\u015fl\u0131k Hizmet alt k\u0131s\u0131m a\u00e7\u0131klama&#8230;[\/vc_column_text][vc_empty_space height=&#8221;10&#8243;][\/vc_column][vc_column width=&#8221;1\/4&#8243;][vc_single_image img_size=&#8221;full&#8221; alignment=&#8221;center&#8221;][vc_empty_space height=&#8221;10&#8243;][vc_column_text] Hizmet Ba\u015fl\u0131k Hizmet alt k\u0131s\u0131m a\u00e7\u0131klama&#8230;[\/vc_column_text][vc_empty_space height=&#8221;10&#8243;][\/vc_column][\/vc_row]<\/p>\n","protected":false},"author":1,"featured_media":0,"parent":0,"menu_order":0,"comment_status":"closed","ping_status":"closed","template":"","meta":{"footnotes":""},"_links":{"self":[{"href":"https:\/\/sun-mech.com\/en\/wp-json\/wp\/v2\/pages\/1022"}],"collection":[{"href":"https:\/\/sun-mech.com\/en\/wp-json\/wp\/v2\/pages"}],"about":[{"href":"https:\/\/sun-mech.com\/en\/wp-json\/wp\/v2\/types\/page"}],"author":[{"embeddable":true,"href":"https:\/\/sun-mech.com\/en\/wp-json\/wp\/v2\/users\/1"}],"replies":[{"embeddable":true,"href":"https:\/\/sun-mech.com\/en\/wp-json\/wp\/v2\/comments?post=1022"}],"version-history":[{"count":1,"href":"https:\/\/sun-mech.com\/en\/wp-json\/wp\/v2\/pages\/1022\/revisions"}],"predecessor-version":[{"id":1023,"href":"https:\/\/sun-mech.com\/en\/wp-json\/wp\/v2\/pages\/1022\/revisions\/1023"}],"wp:attachment":[{"href":"https:\/\/sun-mech.com\/en\/wp-json\/wp\/v2\/media?parent=1022"}],"curies":[{"name":"wp","href":"https:\/\/api.w.org\/{rel}","templated":true}]}}