{"id":1095,"date":"2024-03-05T21:47:49","date_gmt":"2024-03-05T21:47:49","guid":{"rendered":"https:\/\/sun-mech.com\/?page_id=1095"},"modified":"2024-08-25T22:04:59","modified_gmt":"2024-08-25T22:04:59","slug":"makine","status":"publish","type":"page","link":"https:\/\/sun-mech.com\/en\/makine\/","title":{"rendered":"MAK\u0130NE"},"content":{"rendered":"<div class=\"wpb-content-wrapper\"><p>[vc_row][vc_column][vc_column_text]<span style=\"color: #000000;\">\u0130htiyaca y\u00f6nelik projelendirme ve imalat ile ilgili t\u00fcm makine ihtiya\u00e7lar\u0131n\u0131za cevap vermek i\u00e7in t\u00fcm enerjimizle yan\u0131n\u0131zday\u0131z.<\/span><\/p>\n<ul>\n<li><strong><span style=\"color: #000000;\">\u0130htiyaca uygun makine imalatlar\u0131<\/span><\/strong><\/li>\n<li><strong><span style=\"color: #000000;\">Projelendirme<\/span><\/strong><\/li>\n<li><strong><span style=\"color: #000000;\">Tesis Kurulum ve Montaj Hizmetleri<\/span><\/strong><\/li>\n<li><strong><span style=\"color: #000000;\">Fason par\u00e7a imalatlar\u0131<\/span><\/strong><\/li>\n<\/ul>\n<p>[\/vc_column_text][vc_empty_space][\/vc_column][\/vc_row]<\/p>\n<\/div>","protected":false},"excerpt":{"rendered":"<p>[vc_row][vc_column][vc_column_text]\u0130htiyaca y\u00f6nelik projelendirme ve imalat ile ilgili t\u00fcm makine ihtiya\u00e7lar\u0131n\u0131za cevap vermek i\u00e7in t\u00fcm enerjimizle yan\u0131n\u0131zday\u0131z. \u0130htiyaca uygun makine imalatlar\u0131 Projelendirme Tesis Kurulum ve Montaj Hizmetleri Fason par\u00e7a imalatlar\u0131 [\/vc_column_text][vc_empty_space][\/vc_column][\/vc_row]<\/p>\n","protected":false},"author":1,"featured_media":0,"parent":0,"menu_order":0,"comment_status":"closed","ping_status":"closed","template":"","meta":{"footnotes":""},"_links":{"self":[{"href":"https:\/\/sun-mech.com\/en\/wp-json\/wp\/v2\/pages\/1095"}],"collection":[{"href":"https:\/\/sun-mech.com\/en\/wp-json\/wp\/v2\/pages"}],"about":[{"href":"https:\/\/sun-mech.com\/en\/wp-json\/wp\/v2\/types\/page"}],"author":[{"embeddable":true,"href":"https:\/\/sun-mech.com\/en\/wp-json\/wp\/v2\/users\/1"}],"replies":[{"embeddable":true,"href":"https:\/\/sun-mech.com\/en\/wp-json\/wp\/v2\/comments?post=1095"}],"version-history":[{"count":4,"href":"https:\/\/sun-mech.com\/en\/wp-json\/wp\/v2\/pages\/1095\/revisions"}],"predecessor-version":[{"id":1258,"href":"https:\/\/sun-mech.com\/en\/wp-json\/wp\/v2\/pages\/1095\/revisions\/1258"}],"wp:attachment":[{"href":"https:\/\/sun-mech.com\/en\/wp-json\/wp\/v2\/media?parent=1095"}],"curies":[{"name":"wp","href":"https:\/\/api.w.org\/{rel}","templated":true}]}}