{"id":1100,"date":"2024-03-05T21:48:22","date_gmt":"2024-03-05T21:48:22","guid":{"rendered":"https:\/\/sun-mech.com\/?page_id=1100"},"modified":"2024-08-25T22:04:48","modified_gmt":"2024-08-25T22:04:48","slug":"danismanlik","status":"publish","type":"page","link":"https:\/\/sun-mech.com\/en\/danismanlik\/","title":{"rendered":"DANI\u015eMANLIK"},"content":{"rendered":"<div class=\"wpb-content-wrapper\"><p>[vc_row][vc_column][vc_column_text]<span style=\"color: #000000;\">Yeni \u00fcr\u00fcn tasar\u0131m\u0131, hat analizleri, Arge ve \u00dcrge deste\u011fi, hat verimliliklerinizi metod m\u00fchendisli\u011fi kurallar\u0131yla kontrol etmek, \u00fcr\u00fcn y\u00f6netimi, maliyet d\u00fc\u015f\u00fcr\u00fcc\u00fc \u00e7al\u0131\u015fmalar\u00a0 konular\u0131nda ayr\u0131ca 5S, Kaizen hakk\u0131nda teknik ekiplerinize verilecek e\u011fitim ve uygulamalar i\u00e7in t\u00fcm enerjimizle yan\u0131n\u0131zday\u0131z.<\/span><\/p>\n<ul>\n<li><strong><span style=\"color: #000000;\">Mekanik, Elektronik \u00dcr\u00fcn tasar\u0131m\u0131<\/span><\/strong><\/li>\n<li><strong><span style=\"color: #000000;\">Biyok\u00fctle Enerji Sekt\u00f6r\u00fcnde Tesis \u0130\u015fletmesi, Bak\u0131m\u0131 \u0130le \u0130lgili Hizmetler<\/span><\/strong><\/li>\n<li><strong><span style=\"color: #000000;\">Yeni \u00dcr\u00fcn Y\u00f6netimi<\/span><\/strong><\/li>\n<li><strong><span style=\"color: #000000;\">Hat Verimlilikleri<\/span><\/strong><\/li>\n<li><strong><span style=\"color: #000000;\">5S, Kaizen E\u011fitimleri ve Uygulamalar\u0131<\/span><\/strong><\/li>\n<\/ul>\n<p>[\/vc_column_text][vc_empty_space][\/vc_column][\/vc_row]<\/p>\n<\/div>","protected":false},"excerpt":{"rendered":"<p>[vc_row][vc_column][vc_column_text]Yeni \u00fcr\u00fcn tasar\u0131m\u0131, hat analizleri, Arge ve \u00dcrge deste\u011fi, hat verimliliklerinizi metod m\u00fchendisli\u011fi kurallar\u0131yla kontrol etmek, \u00fcr\u00fcn y\u00f6netimi, maliyet d\u00fc\u015f\u00fcr\u00fcc\u00fc \u00e7al\u0131\u015fmalar\u00a0 konular\u0131nda ayr\u0131ca 5S, Kaizen hakk\u0131nda teknik ekiplerinize verilecek e\u011fitim ve uygulamalar i\u00e7in t\u00fcm enerjimizle yan\u0131n\u0131zday\u0131z. Mekanik, Elektronik \u00dcr\u00fcn tasar\u0131m\u0131 Biyok\u00fctle Enerji Sekt\u00f6r\u00fcnde Tesis \u0130\u015fletmesi, Bak\u0131m\u0131 \u0130le \u0130lgili Hizmetler Yeni \u00dcr\u00fcn Y\u00f6netimi Hat Verimlilikleri 5S, [&hellip;]<\/p>\n","protected":false},"author":1,"featured_media":0,"parent":0,"menu_order":0,"comment_status":"closed","ping_status":"closed","template":"","meta":{"footnotes":""},"_links":{"self":[{"href":"https:\/\/sun-mech.com\/en\/wp-json\/wp\/v2\/pages\/1100"}],"collection":[{"href":"https:\/\/sun-mech.com\/en\/wp-json\/wp\/v2\/pages"}],"about":[{"href":"https:\/\/sun-mech.com\/en\/wp-json\/wp\/v2\/types\/page"}],"author":[{"embeddable":true,"href":"https:\/\/sun-mech.com\/en\/wp-json\/wp\/v2\/users\/1"}],"replies":[{"embeddable":true,"href":"https:\/\/sun-mech.com\/en\/wp-json\/wp\/v2\/comments?post=1100"}],"version-history":[{"count":6,"href":"https:\/\/sun-mech.com\/en\/wp-json\/wp\/v2\/pages\/1100\/revisions"}],"predecessor-version":[{"id":1257,"href":"https:\/\/sun-mech.com\/en\/wp-json\/wp\/v2\/pages\/1100\/revisions\/1257"}],"wp:attachment":[{"href":"https:\/\/sun-mech.com\/en\/wp-json\/wp\/v2\/media?parent=1100"}],"curies":[{"name":"wp","href":"https:\/\/api.w.org\/{rel}","templated":true}]}}