{"id":745,"date":"2015-10-16T02:06:07","date_gmt":"2015-10-16T02:06:07","guid":{"rendered":"https:\/\/sun-mech.com\/?page_id=745"},"modified":"2025-01-03T17:22:55","modified_gmt":"2025-01-03T17:22:55","slug":"home-5","status":"publish","type":"page","link":"https:\/\/sun-mech.com\/en\/","title":{"rendered":"Ana Sayfa"},"content":{"rendered":"<div class=\"wpb-content-wrapper\"><p>[vc_row parallax_style=&#8221;none&#8221; parallax_scroll_effect=&#8221;fixed&#8221; el_class=&#8221;margin-bottom-100&#8243;][vc_column][rev_slider_vc alias=&#8221;home-5&#8243;][\/vc_column][\/vc_row][vc_row layout=&#8221;boxed&#8221; parallax_style=&#8221;none&#8221; parallax_scroll_effect=&#8221;fixed&#8221; el_class=&#8221;margin-bottom-100&#8243;][vc_column][vc_column_text]<img loading=\"lazy\" decoding=\"async\" class=\"alignnone size-full wp-image-1232 aligncenter\" src=\"https:\/\/sun-mech.com\/wp-content\/uploads\/2024\/08\/sunmech-fav.png\" alt=\"\" width=\"245\" height=\"155\" \/>[\/vc_column_text][vc_empty_space height=&#8221;10&#8243;][\/vc_column][vc_column width=&#8221;1\/2&#8243; el_class=&#8221;col-md-6 col-sm-12 sm-margin-bottom-30&#8243;][vc_single_image image=&#8221;1287&#8243; img_size=&#8221;full&#8221; alignment=&#8221;center&#8221;][\/vc_column][vc_column width=&#8221;1\/2&#8243; el_class=&#8221;col-md-6 col-sm-12&#8243;][vc_empty_space height=&#8221;10&#8243;][vc_empty_space height=&#8221;10&#8243;][vc_empty_space height=&#8221;10&#8243;][vc_column_text]<span style=\"color: #000000;\">20 y\u0131l\u0131 a\u015fk\u0131n mesleki tecr\u00fcbeyi sonraki nesillere aktarmak i\u00e7in var\u0131z.\u00a0Global olarak enerji ihtiyac\u0131 her ge\u00e7en g\u00fcn artmakta ve geli\u015fen end\u00fcstri ko\u015fullar\u0131nda yenilenebilir enerji kaynaklar\u0131n\u0131n pay\u0131, klasik enerji \u00fcretim portf\u00f6y\u00fcn\u00fcn aras\u0131nda artarak yerini almaktad\u0131r.\u00a0<a style=\"color: #000000;\" href=\"https:\/\/sun-mech.com\/hakkimizda\">Bizi Yak\u0131ndan Tan\u0131y\u0131n >>><\/a><\/span>[\/vc_column_text][vc_row_inner el_class=&#8221;column-equal-height&#8221;][vc_column_inner el_class=&#8221;col-md-6 col-sm-12&#8243; width=&#8221;1\/2&#8243; css=&#8221;.vc_custom_1734042339504{margin-top: 20px !important;margin-bottom: 20px !important;}&#8221;]\t\t\t<div\n\t\t\t\tclass=\"darna-icon-box style6 \" >\n\t\t\t\t<a class=\"ibox-icon\" title=\"\"\n\t\t\t\t   target=\"_self\" href=\"https:\/\/sun-mech.com\/enerji\/\">\n\t\t\t\t\t\t\t\t\t\t\t<i class=\"flaticon-battery82\"><\/i>\n\t\t\t\t\t\t\t\t\t<\/a>\n\t\t\t\t\t\t\t\t\t<h3><a title=\"\" target=\"_self\"\n\t\t\t\t\t       href=\"https:\/\/sun-mech.com\/enerji\/\">ENERJ\u0130<\/a><\/h3>\n\t\t\t\t\t\t\t<\/div>\n\t\t\t[\/vc_column_inner][vc_column_inner el_class=&#8221;col-md-6 col-sm-12&#8243; width=&#8221;1\/2&#8243; css=&#8221;.vc_custom_1444874034547{margin-top: 20px !important;margin-bottom: 20px !important;}&#8221;]\t\t\t<div\n\t\t\t\tclass=\"darna-icon-box style6 \" >\n\t\t\t\t<a class=\"ibox-icon\" title=\"\"\n\t\t\t\t   target=\"_self\" href=\"https:\/\/sun-mech.com\/taahhut\/\">\n\t\t\t\t\t\t\t\t\t\t\t<i class=\"fa fa-building-o\"><\/i>\n\t\t\t\t\t\t\t\t\t<\/a>\n\t\t\t\t\t\t\t\t\t<h3><a title=\"\" target=\"_self\"\n\t\t\t\t\t       href=\"https:\/\/sun-mech.com\/taahhut\/\">TAAHH\u00dcT<\/a><\/h3>\n\t\t\t\t\t\t\t<\/div>\n\t\t\t[\/vc_column_inner][vc_column_inner el_class=&#8221;col-md-6 col-sm-12&#8243; width=&#8221;1\/2&#8243; css=&#8221;.vc_custom_1444874043505{margin-top: 20px !important;margin-bottom: 20px !important;}&#8221;]\t\t\t<div\n\t\t\t\tclass=\"darna-icon-box style6 \" >\n\t\t\t\t<a class=\"ibox-icon\" title=\"\"\n\t\t\t\t   target=\"_self\" href=\"https:\/\/sun-mech.com\/makine\/\">\n\t\t\t\t\t\t\t\t\t\t\t<i class=\"flaticon-gearwheels\"><\/i>\n\t\t\t\t\t\t\t\t\t<\/a>\n\t\t\t\t\t\t\t\t\t<h3><a title=\"\" target=\"_self\"\n\t\t\t\t\t       href=\"https:\/\/sun-mech.com\/makine\/\">MAK\u0130NE<\/a><\/h3>\n\t\t\t\t\t\t\t<\/div>\n\t\t\t[\/vc_column_inner][vc_column_inner el_class=&#8221;col-md-6 col-sm-12&#8243; width=&#8221;1\/2&#8243; css=&#8221;.vc_custom_1444874052441{margin-top: 20px !important;margin-bottom: 20px !important;}&#8221;]\t\t\t<div\n\t\t\t\tclass=\"darna-icon-box style6 \" >\n\t\t\t\t<a class=\"ibox-icon\" title=\"\"\n\t\t\t\t   target=\"_self\" href=\"https:\/\/sun-mech.com\/danismanlik\/\">\n\t\t\t\t\t\t\t\t\t\t\t<i class=\"flaticon-34\"><\/i>\n\t\t\t\t\t\t\t\t\t<\/a>\n\t\t\t\t\t\t\t\t\t<h3><a title=\"\" target=\"_self\"\n\t\t\t\t\t       href=\"https:\/\/sun-mech.com\/danismanlik\/\">DANI\u015eMANLIK<\/a><\/h3>\n\t\t\t\t\t\t\t<\/div>\n\t\t\t[\/vc_column_inner][vc_column_inner el_class=&#8221;col-md-6 col-sm-12&#8243; width=&#8221;1\/2&#8243;][vc_empty_space height=&#8221;10&#8243;]\t\t\t<div\n\t\t\t\tclass=\"darna-icon-box style6 \" >\n\t\t\t\t<a class=\"ibox-icon\" title=\"\"\n\t\t\t\t   target=\"_self\" href=\"https:\/\/sun-mech.com\/proje\/\">\n\t\t\t\t\t\t\t\t\t\t\t<i class=\"flaticon-cube10\"><\/i>\n\t\t\t\t\t\t\t\t\t<\/a>\n\t\t\t\t\t\t\t\t\t<h3><a title=\"\" target=\"_self\"\n\t\t\t\t\t       href=\"https:\/\/sun-mech.com\/proje\/\">PROJE<\/a><\/h3>\n\t\t\t\t\t\t\t<\/div>\n\t\t\t[\/vc_column_inner][vc_column_inner el_class=&#8221;col-md-6 col-sm-12&#8243; width=&#8221;1\/2&#8243;][\/vc_column_inner][\/vc_row_inner][\/vc_column][\/vc_row][vc_row parallax_style=&#8221;none&#8221; parallax_scroll_effect=&#8221;fixed&#8221; css=&#8221;.vc_custom_1734044065283{background-image: url(https:\/\/sun-mech.com\/wp-content\/uploads\/2024\/12\/lopertko.jpg?id=1314) !important;background-position: center !important;background-repeat: no-repeat !important;background-size: cover !important;}&#8221; el_class=&#8221;margin-bottom-100&#8243;][vc_column][vc_empty_space height=&#8221;10&#8243;][vc_empty_space height=&#8221;10&#8243;][vc_empty_space height=&#8221;10&#8243;][vc_column_text]<img loading=\"lazy\" decoding=\"async\" class=\"size-medium wp-image-1237 aligncenter\" src=\"https:\/\/sun-mech.com\/wp-content\/uploads\/2024\/08\/nedensm-300x74.png\" alt=\"\" width=\"300\" height=\"74\" srcset=\"https:\/\/sun-mech.com\/wp-content\/uploads\/2024\/08\/nedensm-300x74.png 300w, https:\/\/sun-mech.com\/wp-content\/uploads\/2024\/08\/nedensm.png 350w\" sizes=\"(max-width: 300px) 100vw, 300px\" \/>[\/vc_column_text][vc_empty_space height=&#8221;10&#8243;][vc_empty_space height=&#8221;10&#8243;][vc_empty_space height=&#8221;10&#8243;][\/vc_column][vc_column][vc_row_inner layout=&#8221;boxed&#8221; parallax_style=&#8221;none&#8221; parallax_scroll_effect=&#8221;fixed&#8221;][vc_column_inner el_class=&#8221;col-md-3 col-sm-6 col-xs-12&#8243; width=&#8221;1\/4&#8243;][vc_single_image image=&#8221;1178&#8243; img_size=&#8221;full&#8221; alignment=&#8221;center&#8221;][vc_empty_space height=&#8221;10&#8243;][vc_empty_space height=&#8221;10&#8243;][vc_column_text]<\/p>\n<h4 style=\"text-align: center;\"><span style=\"color: #ffffff;\">Tecr\u00fcbe<\/span><\/h4>\n<p style=\"text-align: center;\"><span style=\"color: #ffffff;\">\u00d6zel sekt\u00f6rde ba\u015far\u0131l\u0131 bir 20 y\u0131l.<\/span><\/p>\n<p>[\/vc_column_text][vc_empty_space height=&#8221;10&#8243;][vc_empty_space height=&#8221;10&#8243;][\/vc_column_inner][vc_column_inner el_class=&#8221;col-md-3 col-sm-6 col-xs-12&#8243; width=&#8221;1\/4&#8243;][vc_single_image image=&#8221;1176&#8243; img_size=&#8221;full&#8221; alignment=&#8221;center&#8221;][vc_empty_space height=&#8221;10&#8243;][vc_empty_space height=&#8221;10&#8243;][vc_column_text]<\/p>\n<h4 style=\"text-align: center;\"><span style=\"color: #ffffff;\">G\u00fcvenilirlik<\/span><\/h4>\n<p style=\"text-align: center;\"><span style=\"color: #ffffff;\">Her hayale reel yakla\u015f\u0131mlar.<\/span><\/p>\n<p>[\/vc_column_text][vc_empty_space height=&#8221;10&#8243;][vc_empty_space height=&#8221;10&#8243;][\/vc_column_inner][vc_column_inner el_class=&#8221;col-md-3 col-sm-6 col-xs-12&#8243; width=&#8221;1\/4&#8243;][vc_single_image image=&#8221;1150&#8243; img_size=&#8221;full&#8221; alignment=&#8221;center&#8221;][vc_empty_space height=&#8221;10&#8243;][vc_empty_space height=&#8221;10&#8243;][vc_column_text]<\/p>\n<h4 style=\"text-align: center;\"><span style=\"color: #ffffff;\">H\u0131zl\u0131 \u00c7\u00f6z\u00fcm<\/span><\/h4>\n<p style=\"text-align: center;\"><span style=\"color: #ffffff;\">Zor olan\u0131 bile m\u00fcmk\u00fcn k\u0131lmak.<\/span><\/p>\n<p>[\/vc_column_text][vc_empty_space height=&#8221;10&#8243;][vc_empty_space height=&#8221;10&#8243;][\/vc_column_inner][vc_column_inner el_class=&#8221;col-md-3 col-sm-6 col-xs-12&#8243; width=&#8221;1\/4&#8243;][vc_single_image image=&#8221;1177&#8243; img_size=&#8221;full&#8221; alignment=&#8221;center&#8221;][vc_empty_space height=&#8221;10&#8243;][vc_empty_space height=&#8221;10&#8243;][vc_column_text]<\/p>\n<h4 style=\"text-align: center;\"><span style=\"color: #ffffff;\">Kalite<\/span><\/h4>\n<h4 style=\"text-align: center;\"><span style=\"color: #ffffff; font-size: 14px;\">Kontrol edilmedi\u011finde do\u011fru\u00a0olan\u0131\u00a0yapmak<\/span><\/h4>\n<p>[\/vc_column_text][vc_empty_space height=&#8221;10&#8243;][vc_empty_space height=&#8221;10&#8243;][\/vc_column_inner][\/vc_row_inner][vc_empty_space height=&#8221;10&#8243;][vc_empty_space height=&#8221;10&#8243;][\/vc_column][vc_column][vc_empty_space height=&#8221;10&#8243;][vc_empty_space height=&#8221;10&#8243;][vc_empty_space height=&#8221;10&#8243;][\/vc_column][\/vc_row][vc_row layout=&#8221;boxed&#8221; el_class=&#8221;margin-bottom-100&#8243;][vc_column][vc_column_text]<img loading=\"lazy\" decoding=\"async\" class=\"size-medium wp-image-1246 aligncenter\" src=\"https:\/\/sun-mech.com\/wp-content\/uploads\/2024\/08\/sr-300x74.png\" alt=\"\" width=\"300\" height=\"74\" srcset=\"https:\/\/sun-mech.com\/wp-content\/uploads\/2024\/08\/sr-300x74.png 300w, https:\/\/sun-mech.com\/wp-content\/uploads\/2024\/08\/sr.png 350w\" sizes=\"(max-width: 300px) 100vw, 300px\" \/>[\/vc_column_text][vc_empty_space height=&#8221;10&#8243;][vc_empty_space height=&#8221;10&#8243;][vc_empty_space height=&#8221;10&#8243;][\/vc_column][vc_column width=&#8221;1\/5&#8243;][vc_single_image image=&#8221;1289&#8243; img_size=&#8221;full&#8221; alignment=&#8221;center&#8221; onclick=&#8221;custom_link&#8221; link=&#8221;https:\/\/sun-mech.com\/enerji\/&#8221;][vc_empty_space height=&#8221;10&#8243;][vc_empty_space height=&#8221;10&#8243;][vc_column_text]<\/p>\n<h3 style=\"text-align: center;\"><span style=\"color: #333333;\"><strong>ENERJ\u0130<\/strong><\/span><\/h3>\n<p>[\/vc_column_text][vc_empty_space height=&#8221;10&#8243;][\/vc_column][vc_column width=&#8221;1\/5&#8243;][vc_single_image image=&#8221;1240&#8243; img_size=&#8221;full&#8221; alignment=&#8221;center&#8221; onclick=&#8221;custom_link&#8221; link=&#8221;https:\/\/sun-mech.com\/makine\/&#8221;][vc_empty_space height=&#8221;10&#8243;][vc_empty_space height=&#8221;10&#8243;][vc_column_text]<\/p>\n<h3 style=\"text-align: center;\"><span style=\"color: #808080;\"><strong>MAK\u0130NE<\/strong><\/span><\/h3>\n<p>[\/vc_column_text][vc_empty_space height=&#8221;10&#8243;][\/vc_column][vc_column width=&#8221;1\/5&#8243;][vc_single_image image=&#8221;1239&#8243; img_size=&#8221;full&#8221; alignment=&#8221;center&#8221; onclick=&#8221;custom_link&#8221; link=&#8221;https:\/\/sun-mech.com\/taahhut\/&#8221;][vc_empty_space height=&#8221;10&#8243;][vc_empty_space height=&#8221;10&#8243;][vc_column_text]<\/p>\n<h3 style=\"text-align: center;\"><span style=\"color: #333333;\"><strong>TAAHH\u00dcT<\/strong><\/span><\/h3>\n<p>[\/vc_column_text][vc_empty_space height=&#8221;10&#8243;][\/vc_column][vc_column width=&#8221;1\/5&#8243;][vc_single_image image=&#8221;1242&#8243; img_size=&#8221;full&#8221; alignment=&#8221;center&#8221; onclick=&#8221;custom_link&#8221; link=&#8221;https:\/\/sun-mech.com\/danismanlik\/&#8221;][vc_empty_space height=&#8221;10&#8243;][vc_empty_space height=&#8221;10&#8243;][vc_column_text]<\/p>\n<h3 style=\"text-align: center;\"><span style=\"color: #999999;\"><strong>DANI\u015eMANLIK<\/strong><\/span><\/h3>\n<p>[\/vc_column_text][vc_empty_space height=&#8221;10&#8243;][\/vc_column][vc_column width=&#8221;1\/5&#8243;][vc_single_image image=&#8221;1291&#8243; img_size=&#8221;full&#8221; alignment=&#8221;center&#8221; onclick=&#8221;custom_link&#8221; link=&#8221;https:\/\/sun-mech.com\/proje\/&#8221;][vc_empty_space height=&#8221;10&#8243;][vc_empty_space height=&#8221;10&#8243;][vc_column_text]<\/p>\n<h3 style=\"text-align: center;\"><span style=\"color: #333333;\"><strong>PROJE<\/strong><\/span><\/h3>\n<p>[\/vc_column_text][vc_empty_space height=&#8221;10&#8243;][\/vc_column][\/vc_row][vc_row layout=&#8221;boxed&#8221; parallax_style=&#8221;none&#8221; parallax_scroll_effect=&#8221;fixed&#8221; el_class=&#8221;margin-bottom-100&#8243;][vc_column][vc_column_text]<img loading=\"lazy\" decoding=\"async\" class=\"size-medium wp-image-1248 aligncenter\" src=\"https:\/\/sun-mech.com\/wp-content\/uploads\/2024\/08\/coz-300x74.png\" alt=\"\" width=\"300\" height=\"74\" srcset=\"https:\/\/sun-mech.com\/wp-content\/uploads\/2024\/08\/coz-300x74.png 300w, https:\/\/sun-mech.com\/wp-content\/uploads\/2024\/08\/coz.png 350w\" sizes=\"(max-width: 300px) 100vw, 300px\" \/>[\/vc_column_text][vc_row_inner][vc_column_inner el_class=&#8221;col-md-3 col-sm-6&#8243; width=&#8221;1\/4&#8243; css=&#8221;.vc_custom_1444819520130{margin-bottom: 30px !important;}&#8221;][vc_single_image image=&#8221;1252&#8243; img_size=&#8221;full&#8221; alignment=&#8221;center&#8221;][\/vc_column_inner][vc_column_inner el_class=&#8221;col-md-3 col-sm-6&#8243; width=&#8221;1\/4&#8243; css=&#8221;.vc_custom_1444819526457{margin-bottom: 30px !important;}&#8221;][vc_single_image image=&#8221;1250&#8243; img_size=&#8221;full&#8221; alignment=&#8221;center&#8221;][\/vc_column_inner][vc_column_inner el_class=&#8221;col-md-3 col-sm-6&#8243; width=&#8221;1\/4&#8243; css=&#8221;.vc_custom_1444819533691{margin-bottom: 30px !important;}&#8221;][vc_single_image image=&#8221;1251&#8243; img_size=&#8221;full&#8221; alignment=&#8221;center&#8221;][\/vc_column_inner][vc_column_inner el_class=&#8221;col-md-3 col-sm-6&#8243; width=&#8221;1\/4&#8243; css=&#8221;.vc_custom_1444819542137{margin-bottom: 30px !important;}&#8221;][vc_single_image image=&#8221;1253&#8243; img_size=&#8221;full&#8221; alignment=&#8221;center&#8221;][\/vc_column_inner][\/vc_row_inner][\/vc_column][\/vc_row]<\/p>\n<\/div>","protected":false},"excerpt":{"rendered":"<p>[vc_row parallax_style=&#8221;none&#8221; parallax_scroll_effect=&#8221;fixed&#8221; el_class=&#8221;margin-bottom-100&#8243;][vc_column][rev_slider_vc alias=&#8221;home-5&#8243;][\/vc_column][\/vc_row][vc_row layout=&#8221;boxed&#8221; parallax_style=&#8221;none&#8221; parallax_scroll_effect=&#8221;fixed&#8221; el_class=&#8221;margin-bottom-100&#8243;][vc_column][vc_column_text][\/vc_column_text][vc_empty_space height=&#8221;10&#8243;][\/vc_column][vc_column width=&#8221;1\/2&#8243; el_class=&#8221;col-md-6 col-sm-12 sm-margin-bottom-30&#8243;][vc_single_image image=&#8221;1287&#8243; img_size=&#8221;full&#8221; alignment=&#8221;center&#8221;][\/vc_column][vc_column width=&#8221;1\/2&#8243; el_class=&#8221;col-md-6 col-sm-12&#8243;][vc_empty_space height=&#8221;10&#8243;][vc_empty_space height=&#8221;10&#8243;][vc_empty_space height=&#8221;10&#8243;][vc_column_text]20 y\u0131l\u0131 a\u015fk\u0131n mesleki tecr\u00fcbeyi sonraki nesillere aktarmak i\u00e7in var\u0131z.\u00a0Global olarak enerji ihtiyac\u0131 her ge\u00e7en g\u00fcn artmakta ve geli\u015fen end\u00fcstri ko\u015fullar\u0131nda yenilenebilir enerji kaynaklar\u0131n\u0131n pay\u0131, klasik enerji \u00fcretim portf\u00f6y\u00fcn\u00fcn aras\u0131nda artarak yerini almaktad\u0131r.\u00a0Bizi [&hellip;]<\/p>\n","protected":false},"author":1,"featured_media":0,"parent":0,"menu_order":0,"comment_status":"closed","ping_status":"closed","template":"","meta":{"footnotes":""},"_links":{"self":[{"href":"https:\/\/sun-mech.com\/en\/wp-json\/wp\/v2\/pages\/745"}],"collection":[{"href":"https:\/\/sun-mech.com\/en\/wp-json\/wp\/v2\/pages"}],"about":[{"href":"https:\/\/sun-mech.com\/en\/wp-json\/wp\/v2\/types\/page"}],"author":[{"embeddable":true,"href":"https:\/\/sun-mech.com\/en\/wp-json\/wp\/v2\/users\/1"}],"replies":[{"embeddable":true,"href":"https:\/\/sun-mech.com\/en\/wp-json\/wp\/v2\/comments?post=745"}],"version-history":[{"count":93,"href":"https:\/\/sun-mech.com\/en\/wp-json\/wp\/v2\/pages\/745\/revisions"}],"predecessor-version":[{"id":1330,"href":"https:\/\/sun-mech.com\/en\/wp-json\/wp\/v2\/pages\/745\/revisions\/1330"}],"wp:attachment":[{"href":"https:\/\/sun-mech.com\/en\/wp-json\/wp\/v2\/media?parent=745"}],"curies":[{"name":"wp","href":"https:\/\/api.w.org\/{rel}","templated":true}]}}